{"id":489,"date":"2025-04-28T12:37:45","date_gmt":"2025-04-28T10:37:45","guid":{"rendered":"https:\/\/corpilke.nl\/wordpress\/?post_type=product&#038;p=489"},"modified":"2025-05-27T23:43:05","modified_gmt":"2025-05-27T21:43:05","slug":"terre-dhermes-hermes-voor-heren-super-zalige-geur","status":"publish","type":"product","link":"https:\/\/corpilke.nl\/index.php\/product\/terre-dhermes-hermes-voor-heren-super-zalige-geur\/","title":{"rendered":"Terre d\u2019Herm\u00e8s &#8211; Hermes- voor heren &#8211; zalige geur &#8211; 5 en 10ml"},"content":{"rendered":"<ul>\n<li><strong>DE CREATIE<\/strong><br \/>\n<strong>Terre d\u2019Herm\u00e8s Eau Givr\u00e9e onthult een nieuw gebied waar frisheid en kracht overheersen.<\/strong><\/li>\n<li><strong>Verkrijgbaar in 5ml en in 10ml<\/strong><\/li>\n<li><strong>&#8216;Een waas van rijp bevrucht de aarde en schenkt haar een nieuwe, verkwikkende kracht&#8217;, aldus Christine Nagel, parfumeur bij Herm\u00e8s.<\/strong>\n<p><strong>GEURNOTEN<\/strong><br \/>\n<strong>De Eau de Parfum Terre d\u2019Herm\u00e8s Eau Givr\u00e9e combineert scherpe cederappel met het bijtend frisse van jeneverbes en vurige Timutpeper. Een verrassende, ijskoude wind komt in aanraking met de gulheid van de typische minerale en houtachtige geurnoten van Terre d\u2019Herm\u00e8s.<\/strong><\/p>\n<p><strong>HET OBJECT<\/strong><br \/>\n<strong>Het object is rijzig en helder, het lijkt uit een blok ijs te zijn gehouwen. Het matglas en het geborsteld aluminium doen denken aan een mantel van ijs die de aarde bedekt. De H aan de onderkant is een subtiele verwijzing naar de afstamming van een voorwerp dat een cultobject is geworden.<\/strong><\/p>\n<p><strong>ETHIEK<\/strong><br \/>\n<strong>De duurzame, navulbare flacon combineert glas met aluminium, twee volledig recyclebare materialen. Een verantwoord gebaar dat past bij een duurzaam object.<\/strong><\/p>\n<p><strong>DETAILS VAN HERM\u00c8S<\/strong><br \/>\n<strong>Met de flacon van Terre d\u2019Herm\u00e8s Eau Givr\u00e9e in de hand ontdekt u de talloze details: de emblematische clou de selle van het Huis en de metallic bovenkant waar het licht van de hemel in wordt weerspiegeld. De flacon, gecre\u00eberd door designer Philippe Mouquet, is ge\u00efnspireerd op een reisflacon die bewaard is gebleven in het Emile Herm\u00e8s Museum.<\/strong><\/p>\n<p><strong>Terre d\u2019Herm\u00e8s Eau Givr\u00e9e onthult een nieuw gebied waar frisheid en kracht overheersen.<\/strong><\/p>\n<p><strong>&#8216;Een waas van rijp bevrucht de aarde en schenkt haar een nieuwe, verkwikkende kracht&#8217;, aldus Christine Nagel, creatief directeur van Herm\u00e8s Parfums.<\/strong><\/p>\n<p><strong>Terre d\u2019Herm\u00e8s Eau Givr\u00e9e verenigt twee tegengestelde elementen in \u00e9\u00e9n flacon: kou en kracht.<\/strong><br \/>\n<strong>De Eau de Parfum combineert de intensiteit van sukadecitroen, de scherpe frisheid van jeneverbes en de kracht van Timutpeper.<\/strong><\/p>\n<p><strong>De collectie Terre d\u2019Herm\u00e8s vertelt over de relatie tussen man en aarde, over de harmonieuze en bescheiden dialoog tussen de man en de elementen van de natuur.<\/strong><\/li>\n<\/ul>\n","protected":false},"excerpt":{"rendered":"<p><strong>DE CREATIE. Terre d\u2019Herm\u00e8s Eau Givr\u00e9e onthult een nieuw gebied waar frisheid en kracht overheersen. &#8216;Een waas van rijp bevrucht de aarde en schenkt haar een nieuwe, verkwikkende kracht&#8217;, aldus Christine Nagel, parfumeur bij Herm\u00e8s. Verkrijgbaar in 5ml en in 10ml<\/strong><\/p>\n","protected":false},"featured_media":492,"comment_status":"open","ping_status":"closed","template":"","meta":[],"product_brand":[81],"product_cat":[59,61,60],"product_tag":[],"class_list":{"0":"post-489","1":"product","2":"type-product","3":"status-publish","4":"has-post-thumbnail","6":"product_brand-parfum","7":"product_cat-parfum-geuren","8":"product_cat-parfum-10ml","9":"product_cat-parfum-5ml","11":"first","12":"instock","13":"taxable","14":"shipping-taxable","15":"purchasable","16":"product-type-variable"},"jetpack_sharing_enabled":true,"_links":{"self":[{"href":"https:\/\/corpilke.nl\/index.php\/wp-json\/wp\/v2\/product\/489","targetHints":{"allow":["GET"]}}],"collection":[{"href":"https:\/\/corpilke.nl\/index.php\/wp-json\/wp\/v2\/product"}],"about":[{"href":"https:\/\/corpilke.nl\/index.php\/wp-json\/wp\/v2\/types\/product"}],"replies":[{"embeddable":true,"href":"https:\/\/corpilke.nl\/index.php\/wp-json\/wp\/v2\/comments?post=489"}],"wp:featuredmedia":[{"embeddable":true,"href":"https:\/\/corpilke.nl\/index.php\/wp-json\/wp\/v2\/media\/492"}],"wp:attachment":[{"href":"https:\/\/corpilke.nl\/index.php\/wp-json\/wp\/v2\/media?parent=489"}],"wp:term":[{"taxonomy":"product_brand","embeddable":true,"href":"https:\/\/corpilke.nl\/index.php\/wp-json\/wp\/v2\/product_brand?post=489"},{"taxonomy":"product_cat","embeddable":true,"href":"https:\/\/corpilke.nl\/index.php\/wp-json\/wp\/v2\/product_cat?post=489"},{"taxonomy":"product_tag","embeddable":true,"href":"https:\/\/corpilke.nl\/index.php\/wp-json\/wp\/v2\/product_tag?post=489"}],"curies":[{"name":"wp","href":"https:\/\/api.w.org\/{rel}","templated":true}]}}