{"id":1586,"date":"2025-05-02T18:43:18","date_gmt":"2025-05-02T16:43:18","guid":{"rendered":"https:\/\/corpilke.nl\/wordpress\/?post_type=product&#038;p=1586"},"modified":"2025-05-28T00:37:01","modified_gmt":"2025-05-27T22:37:01","slug":"1586","status":"publish","type":"product","link":"https:\/\/corpilke.nl\/index.php\/product\/1586\/","title":{"rendered":"Lanc\u00f4me Id\u00f4le &#8211; Dames &#8211; Eau de Parfum &#8211; Lekkere geur &#8211; 5,10 of 50ml"},"content":{"rendered":"<ul>\n<li><strong>Lanc\u00f4me Id\u00f4le Eau de Parfum &#8211; Navulbaar Damesparfum<\/strong><strong>Een frisse, zuivere bloemige geur van Lanc\u00f4me<\/strong><strong>Een schone en zachte geur van Lanc\u00f4me, zowel krachtig als comfortabel. Een geur bedacht door vrouwen om de uitstraling van elke vrouw te onthullen. Met een verleidelijke geur en scherpe doornen symboliseert de roos de complexiteit van vrouwelijkheid. Olie van Jasmijn Absolutes werkt als een zachte maar genereuze begeleiding voor het hart van Id\u00f4le.Voor vrouwen met ambitie. Die weten wat ze willen en hun eigen regels bepalen. Zij zijn hun eigen idool.<\/strong><strong>Ontdek de unieke geur<\/strong><strong>Ontdek Id\u00f4le van Lanc\u00f4me, een frisse geur met tonen van, heldere citrus, roos, smetteloze jasmijn, witte muskus en vanille. Een overvloed aan bloemblaadjes vermengd met muskus vormen een verfijnde cyprus, dat herinnert aan de luchtige frisheid van net gewassen linnengoed. In de kern van deze geur staat de roos. Met vier rozen wordt de moderne, stralende, jeugdige roos van Id\u00f4le onthuld. Stralend en sensueel, het is een uitnodiging om dichterbij te komen. Ondanks zijn luchtige subtiliteit, blijft de noot op de huid hangen om een ??blijvend omhullend gevoel van geruststelling te cre\u00ebren.<\/strong>\n<p><strong>Ondek Id\u00f4le van Lanc\u00f4me:<\/strong><\/p>\n<p><strong>\u2022 Geurfamilie: Fris en Bloemig<\/strong><\/p>\n<p><strong>\u2022 Topnoten: Peer en Bergamot<\/strong><\/p>\n<p><strong>\u2022 Hartnoten: Roos en Indiase Jasmijn<\/strong><\/p>\n<p><strong>\u2022 Basisnoten: Muskus en Vanille<\/strong><\/p>\n<p><strong>Door Id\u00f4le te dragen, wordt een onderscheidende geur identiteit gecre\u00eberd. Door gebruik te maken van de essentie van de vrouw die het draagt, wordt Id\u00f4le een verklaring van haar intentie om zichzelf te zijn. Om haar eigen Id\u00f4le te worden.<\/strong><\/li>\n<\/ul>\n<p>&nbsp;<\/p>\n<p><strong>** Verkrijbaar in 5ml &#8211; 10ml &#8211; 50ml<\/strong><\/p>\n","protected":false},"excerpt":{"rendered":"<ul>\n<li><strong>Lanc\u00f4me Id\u00f4le Eau de Parfum &#8211; Navulbaar Damesparfum<\/strong><strong>Een frisse, zuivere bloemige geur van Lanc\u00f4me<\/strong><strong>Een schone en zachte geur van Lanc\u00f4me, zowel krachtig als comfortabel. Een geur bedacht door vrouwen om de uitstraling van elke vrouw te onthullen. Met een verleidelijke geur en scherpe doornen symboliseert de roos de complexiteit van vrouwelijkheid. Olie van Jasmijn Absolutes werkt als een zachte maar genereuze begeleiding voor het hart van Id\u00f4le.Voor vrouwen met ambitie. Die weten wat ze willen en hun eigen regels bepalen. Zij zijn hun eigen idool.<\/strong><strong>Ontdek de unieke geur.<\/strong><\/li>\n<li><strong>Ontdek Id\u00f4le van Lanc\u00f4me, een frisse geur met tonen van, heldere citrus, roos, smetteloze jasmijn, witte muskus en vanille. Een overvloed aan bloemblaadjes vermengd met muskus vormen een verfijnde cyprus, dat herinnert aan de luchtige frisheid van net gewassen linnengoed. In de kern van deze geur staat de roos. Met vier rozen wordt de moderne, stralende, jeugdige roos van Id\u00f4le onthuld. Stralend en sensueel, het is een uitnodiging om dichterbij te komen. Ondanks zijn luchtige subtiliteit, blijft de noot op de huid hangen om een ??blijvend omhullend gevoel van geruststelling te cre\u00ebren.<\/strong><strong>Ondek Id\u00f4le van Lanc\u00f4me:<\/strong><strong>\u2022 Geurfamilie: Fris en Bloemig<\/strong>\n<p><strong>\u2022 Topnoten: Peer en Bergamot<\/strong><\/p>\n<p><strong>\u2022 Hartnoten: Roos en Indiase Jasmijn<\/strong><\/p>\n<p><strong>\u2022 Basisnoten: Muskus en Vanille<\/strong><\/p>\n<p><strong>Door Id\u00f4le te dragen, wordt een onderscheidende geur identiteit gecre\u00eberd. Door gebruik te maken van de essentie van de vrouw die het draagt, wordt Id\u00f4le een verklaring van haar intentie om zichzelf te zijn. Om haar eigen Id\u00f4le te worden.<\/strong><\/li>\n<li><\/li>\n<\/ul>\n<p><strong>Geursoort :\u00a0<\/strong><strong>Verleidelijk<\/strong><\/p>\n<p><strong>Verkrijbaar in 5ml &#8211; 10ml &#8211; 50ml<\/strong><\/p>\n","protected":false},"featured_media":1591,"comment_status":"open","ping_status":"closed","template":"","meta":[],"product_brand":[81],"product_cat":[59,61,60],"product_tag":[],"class_list":{"0":"post-1586","1":"product","2":"type-product","3":"status-publish","4":"has-post-thumbnail","6":"product_brand-parfum","7":"product_cat-parfum-geuren","8":"product_cat-parfum-10ml","9":"product_cat-parfum-5ml","11":"first","12":"instock","13":"taxable","14":"shipping-taxable","15":"purchasable","16":"product-type-variable"},"jetpack_sharing_enabled":true,"_links":{"self":[{"href":"https:\/\/corpilke.nl\/index.php\/wp-json\/wp\/v2\/product\/1586","targetHints":{"allow":["GET"]}}],"collection":[{"href":"https:\/\/corpilke.nl\/index.php\/wp-json\/wp\/v2\/product"}],"about":[{"href":"https:\/\/corpilke.nl\/index.php\/wp-json\/wp\/v2\/types\/product"}],"replies":[{"embeddable":true,"href":"https:\/\/corpilke.nl\/index.php\/wp-json\/wp\/v2\/comments?post=1586"}],"wp:featuredmedia":[{"embeddable":true,"href":"https:\/\/corpilke.nl\/index.php\/wp-json\/wp\/v2\/media\/1591"}],"wp:attachment":[{"href":"https:\/\/corpilke.nl\/index.php\/wp-json\/wp\/v2\/media?parent=1586"}],"wp:term":[{"taxonomy":"product_brand","embeddable":true,"href":"https:\/\/corpilke.nl\/index.php\/wp-json\/wp\/v2\/product_brand?post=1586"},{"taxonomy":"product_cat","embeddable":true,"href":"https:\/\/corpilke.nl\/index.php\/wp-json\/wp\/v2\/product_cat?post=1586"},{"taxonomy":"product_tag","embeddable":true,"href":"https:\/\/corpilke.nl\/index.php\/wp-json\/wp\/v2\/product_tag?post=1586"}],"curies":[{"name":"wp","href":"https:\/\/api.w.org\/{rel}","templated":true}]}}